{"id":934,"date":"2014-02-09T18:38:03","date_gmt":"2014-02-09T16:38:03","guid":{"rendered":"http:\/\/riemel-dachfenster.de\/?page_id=934"},"modified":"2023-03-06T09:21:24","modified_gmt":"2023-03-06T07:21:24","slug":"das-team","status":"publish","type":"page","link":"https:\/\/riemel-dachfenster.de\/?page_id=934","title":{"rendered":"Das Team"},"content":{"rendered":"<section class=\"animated-area \">\n<div class=\"container\">\n<div class=\"title-block dark\">\n    <h3 class=\"title-heading\">Wir sind f\u00fcr Sie da<\/h3>\n    <span class=\"line\"><\/span>\n    <span>Ob Planung, individuelles Angebot oder auch schnelle Hilfe.<\/span>\n    <\/div><\/p>\n<p><a href=\"http:\/\/riemel-dachfenster.de\/wp-content\/uploads\/2013\/11\/Foto-4.jpg\"><img loading=\"lazy\" class=\"size-medium wp-image-966 aligncenter\" src=\"http:\/\/riemel-dachfenster.de\/wp-content\/uploads\/2013\/11\/Foto-4-300x225.jpg\" alt=\"Das Team\" width=\"300\" height=\"225\" srcset=\"https:\/\/riemel-dachfenster.de\/wp-content\/uploads\/2013\/11\/Foto-4-300x225.jpg 300w, https:\/\/riemel-dachfenster.de\/wp-content\/uploads\/2013\/11\/Foto-4.jpg 640w\" sizes=\"(max-width: 300px) 100vw, 300px\" \/><\/a><\/p>\n<\/div>\n<\/section>\n<section class=\"animated-area \">\n<div class=\"horizontal-icon\">\n    <div class=\"icon\">\n    <i class=\"fa fa-user\"><\/i>\n    <\/div>\n    <\/div><div class=\"title-block dark\">\n    <h3 class=\"title-heading\">Das Dachfenster-Team<\/h3>\n    <span class=\"line\"><\/span>\n    <span>Uns k\u00f6nnen Sie immer vertrauen<\/span>\n    <\/div>\n<div class=\"container\">\n<div class=\"row\">\n<div class=\"col-lg-4 col-md-4   bottom-30-xs bottom-30-sm\">\n<p><div class=\"team\">\n  <div class=\"team-avatar\">\n  <img src=\"http:\/\/riemel-dachfenster.de\/wp-content\/uploads\/2021\/09\/josef_riemel_2021\" alt=\"\">\n  <\/div>\n\n  <div class=\"team-info\">\n  <h5>Josef Riemel<\/h5>\n  <span class=\"position\">Gesch\u00e4ftsf\u00fchrer<\/span>\n  <p>Ich bin seit \u00fcber 30 Jahren Dachdecker mit Herz und Seele.<\/p>\n  \n  <\/div>\n  <\/div><br \/>\n<!--facebook=\"#\" twitter=\"#\" googleplus=\"#\" linkedin=\"#\"-->\n<\/div>\n<div class=\"col-lg-4 col-md-4   bottom-30-xs bottom-30-sm\">\n<div class=\"team\">\n  <div class=\"team-avatar\">\n  <img src=\"http:\/\/riemel-dachfenster.de\/wp-content\/uploads\/2021\/09\/peter-kozur_2021.png\" alt=\"\">\n  <\/div>\n\n  <div class=\"team-info\">\n  <h5>Peter Kozur<\/h5>\n  <span class=\"position\">Gesch\u00e4ftsf\u00fchrer<\/span>\n  <p>Nach vielen jahren als Angestellter in der Firma Riemel bin ich stolz, nun auch meinen eigenen Bereich selbst zu verantworten.<\/p>\n  \n  <\/div>\n  <\/div>\n<\/div>\n<div class=\"col-lg-4 col-md-4   bottom-30-xs bottom-30-sm\">\n<div class=\"team\">\n  <div class=\"team-avatar\">\n  <img src=\"http:\/\/riemel-dachfenster.de\/wp-content\/uploads\/2014\/02\/norbert_bartusch_neu.png\" alt=\"\">\n  <\/div>\n\n  <div class=\"team-info\">\n  <h5>Norbert Bartusch<\/h5>\n  <span class=\"position\">Dachdecker<\/span>\n  <p>Mir macht die Arbeit jeden Tag Spa\u00df. Im Dachfenster Team f\u00fchle ich mich wohl und kann genau das tun, was mir Freude macht.<\/p>\n  \n  <\/div>\n  <\/div>\n<\/div>\n<\/div>\n<div class=\"row\"><\/div>\n<\/div>\n<\/section>\n<section class=\" background normal top-60 padding-bottom-60\" data-bg=\"http:\/\/riemel-dachfenster.de\/wp-content\/uploads\/2014\/02\/dachfenster_transp_bgr.png\" data-bgcolor=#363636>\n<div class=\"horizontal-icon\">\n    <div class=\"icon\">\n    <i class=\"fa fa-quote-left\"><\/i>\n    <\/div>\n    <\/div><div class=\"title-block light\">\n    <h3 class=\"title-heading\">Meinungen<\/h3>\n    <span class=\"line\"><\/span>\n    <span>Gutes Feedback<\/span>\n    <\/div>\n<div class=\"container\">\n<div class=\"flexslider light testimonialslide\">\n<ul class=\"slides\">\n<li>\n<p><p class=\"p1\"><span class=\"s1\">Wie Sie sich sicher denken k\u00f6nnen, haben Eigent\u00fcmer von Stadth\u00e4usern mit Baujahr 1906 so einiges an Erfahrung im Umgang mit Handwerkern vorzuweisen.\u00a0<\/span><span class=\"s1\">Ich fasse das mal so zusammen, Mitarbeiter wie Ihre, machen nicht nur die GF gl\u00fccklich sondern auch uns als Kunden. <\/span><span class=\"s1\">P<\/span><span class=\"s1\">\u00fcnktlich, kompetent, nett im Umgang, pr\u00e4zise und deutlich sauberer als wir es erwartet h\u00e4tten, um nur die wesentlichen Attribute zu benennen.<br \/>\n<\/span><span class=\"s1\">Auch wenn das neue Fenster seine Bew\u00e4hrung auf Dichtigkeit im Regen und Sturm noch vor sich hat, bis hierhin sind wir mehr als super zufrieden.<\/span><\/p>\n<p class=\"p1\"><span class=\"s1\">Danke!! <\/span><span class=\"s1\">Wenn wir k\u00fcnftig an Dach denken, denken wir an Riemel.\u00a0<\/span><\/p>\n<\/p>\n<p><span class=\"quoteby\"><strong>J\u00fcrgen Hemmerden<\/strong> &#8211; Eigent\u00fcmer eines Hauses aus dem Jahre 1906<\/span><\/li>\n<li>\n<p>Die Firma Riemel ist fachlich kompetent, der Preis und die Qualit\u00e4t \u00fcberzeugen, sodass wir sie vorbehaltslos weiterempfehlen k\u00f6nnen.<\/p>\n<p><span class=\"quoteby\"><strong>Imo Plus GmbH<\/strong> &#8211; Imo Plus GmbH<\/span><\/li>\n<li>\n<p>Ich habe langj\u00e4hrige Erfahrung als Dachdecker und leite das Team Velux. Mir k\u00f6nnen Sie vertrauen und es ist mir ein gro\u00dfes Anliegen, immer die optimal L\u00f6sung zu finden. Auch beim Preis.<\/p>\n<p><span class=\"quoteby\"><strong>Peter Kozur<\/strong> &#8211; Gesch\u00e4ftsf\u00fchrer<\/span><\/li>\n<li>\n<p>Die Beratung und das Eingehen auf den Kunden haben \u00fcberzeugt. Die Termintreue und hervorragende Qualit\u00e4t der arbeit sprechen f\u00fcr sich. Billig ist langfristig nicht immer g\u00fcnstig.<\/p>\n<p><span class=\"quoteby\"><strong>F.-J- Laumen<\/strong> &#8211; Hausverwalter<\/span><\/li>\n<li>\n<p>Mein Wissen und meine Ergahrung sind gro\u00df. Ob es um Dachfl\u00e4chenfenster, Tageslicht-Spots oder auch Balkon- und Terrassenbau geht. Ich bin Profi.<\/p>\n<p><span class=\"quoteby\"><strong>Norbert Bartusch<\/strong> &#8211; Dachdecker<\/span><\/li>\n<li>\n<p>Schon bei der Planung erweist sich die Firma Riemel Dachfenster GmbH als ein fachlich kompetenter und auch in schwierigen Planungsphasen inspirierender Partner.<\/p>\n<p><span class=\"quoteby\"><strong>Stefan Bergs<\/strong> &#8211; Bergs Projekte<\/span><\/li>\n<li>\n<p>Das fachliche Know-How, n\u00e4mlich &#8222;wissen, wie&#8220;, macht die Firma Riemel Dachfenster GmbH so einzigartig und spricht daf\u00fcr, dass wir schon jahrelang zusammenarbeiten.<\/p>\n<p><span class=\"quoteby\"><strong>Cornelius Bebber<\/strong> &#8211; Rheinland Versicherungen<\/span><\/li>\n<li>\n<p>Die Firma Riemel Dachfenster GmbH \u00fcberzeugte durch ihre schnelle und saubere Montage. Wie versprochen, war vom Austausch des Fensters von innen nichts zu sehen. Wir k\u00f6nnen sie nur w\u00e4rmstens empfehlen.<\/p>\n<p><span class=\"quoteby\"><strong>GWG<\/strong> &#8211; Gesellschaft f\u00fcr Wohnungs- und Gewerbe-Bau GmbH<\/span><\/li>\n<li>\n<p>Die Jungs der Firma Riemel Dachfenster GmbH sind gut drauf und einfach spitze. Sehr schnell und vor allem penibel, was die Sauberkeit angeht. Ich hatte noch nie so tolle Handwerker.<\/p>\n<p><span class=\"quoteby\"><strong>Herrmann-Josef Plake<\/strong> &#8211; Architekturb\u00fcro<\/span><\/li>\n<li>\n<p>Die Firma Riemel Bedachungen hat sich mit der Dachfenster Gmbh um ein besonders kompetentes Gesch\u00e4ftsfeld erweitert. All unsere Erfahrung flie\u00dft hier mit ein.<\/p>\n<p><span class=\"quoteby\"><strong>Josef Riemel<\/strong> &#8211; Gesch\u00e4ftsf\u00fchrer<\/span><\/li>\n<\/ul>\n<\/div>\n<\/div>\n<\/section>\n","protected":false},"excerpt":{"rendered":"<p>Wie Sie sich sicher denken k\u00f6nnen, haben Eigent\u00fcmer von Stadth\u00e4usern mit Baujahr 1906 so einiges an Erfahrung im Umgang mit Handwerkern vorzuweisen.\u00a0Ich fasse das mal so zusammen, Mitarbeiter wie Ihre,&#8230;<\/p>\n","protected":false},"author":32584,"featured_media":0,"parent":0,"menu_order":0,"comment_status":"open","ping_status":"open","template":"page-fullwidth.php","meta":[],"_links":{"self":[{"href":"https:\/\/riemel-dachfenster.de\/index.php?rest_route=\/wp\/v2\/pages\/934"}],"collection":[{"href":"https:\/\/riemel-dachfenster.de\/index.php?rest_route=\/wp\/v2\/pages"}],"about":[{"href":"https:\/\/riemel-dachfenster.de\/index.php?rest_route=\/wp\/v2\/types\/page"}],"author":[{"embeddable":true,"href":"https:\/\/riemel-dachfenster.de\/index.php?rest_route=\/wp\/v2\/users\/32584"}],"replies":[{"embeddable":true,"href":"https:\/\/riemel-dachfenster.de\/index.php?rest_route=%2Fwp%2Fv2%2Fcomments&post=934"}],"version-history":[{"count":43,"href":"https:\/\/riemel-dachfenster.de\/index.php?rest_route=\/wp\/v2\/pages\/934\/revisions"}],"predecessor-version":[{"id":1454,"href":"https:\/\/riemel-dachfenster.de\/index.php?rest_route=\/wp\/v2\/pages\/934\/revisions\/1454"}],"wp:attachment":[{"href":"https:\/\/riemel-dachfenster.de\/index.php?rest_route=%2Fwp%2Fv2%2Fmedia&parent=934"}],"curies":[{"name":"wp","href":"https:\/\/api.w.org\/{rel}","templated":true}]}}