{"id":888,"date":"2014-02-09T17:07:27","date_gmt":"2014-02-09T15:07:27","guid":{"rendered":"http:\/\/riemel-dachfenster.de\/?page_id=888"},"modified":"2021-09-16T11:43:08","modified_gmt":"2021-09-16T09:43:08","slug":"home","status":"publish","type":"page","link":"https:\/\/riemel-dachfenster.de\/","title":{"rendered":"Home"},"content":{"rendered":"<!-- START REVOLUTION SLIDER 4.1.4 fullwidth mode -->\n\n<div id=\"rev_slider_1_1_wrapper\" class=\"rev_slider_wrapper fullwidthbanner-container\" style=\"margin:0px auto;background-color:#E9E9E9;padding:0px;margin-top:0px;margin-bottom:30px;max-height:350px;\">\n\t<div id=\"rev_slider_1_1\" class=\"rev_slider fullwidthabanner\" style=\"display:none;max-height:350px;height:350;\">\n<ul>\t<!-- SLIDE  -->\n\t<li data-transition=\"random\" data-slotamount=\"7\" data-masterspeed=\"300\" data-link=\"mailto:peter.kozur@riemel.de\"  data-target=\"_blank\" >\n\t\t<!-- MAIN IMAGE -->\n\t\t<img src=\"https:\/\/riemel-dachfenster.de\/wp-content\/uploads\/2021\/09\/Wir-suchen-Mitarbeiter-Slide-1280.png\"  alt=\"Wir-suchen-Mitarbeiter-Slide-1280\"  data-bgposition=\"center top\" data-bgfit=\"cover\" data-bgrepeat=\"no-repeat\">\n\t\t<!-- LAYERS -->\n\t<\/li>\n\t<!-- SLIDE  -->\n\t<li data-transition=\"random\" data-slotamount=\"7\" data-masterspeed=\"300\" >\n\t\t<!-- MAIN IMAGE -->\n\t\t<img src=\"https:\/\/riemel-dachfenster.de\/wp-content\/uploads\/2014\/02\/108489-01-XXL-Himmel_1280.png\"  alt=\"108489-01-XXL-Himmel_1280\"  data-bgposition=\"center top\" data-bgfit=\"cover\" data-bgrepeat=\"no-repeat\">\n\t\t<!-- LAYERS -->\n\t<\/li>\n\t<!-- SLIDE  -->\n\t<li data-transition=\"random\" data-slotamount=\"7\" data-masterspeed=\"300\" >\n\t\t<!-- MAIN IMAGE -->\n\t\t<img src=\"https:\/\/riemel-dachfenster.de\/wp-content\/uploads\/2014\/02\/115324-01-XXL-Tisch_leer_1280.png\"  alt=\"115324-01-XXL-Tisch_leer_1280\"  data-bgposition=\"center top\" data-bgfit=\"cover\" data-bgrepeat=\"no-repeat\">\n\t\t<!-- LAYERS -->\n\n\t\t<!-- LAYER NR. 1 -->\n\t\t<div class=\"tp-caption tp-fade\"\n\t\t\tdata-x=\"80\"\n\t\t\tdata-y=\"45\" \n\t\t\tdata-speed=\"300\"\n\t\t\tdata-start=\"800\"\n\t\t\tdata-easing=\"Power3.easeInOut\"\n\t\t\tdata-endspeed=\"300\"\n\t\t\tstyle=\"z-index: 2\"><img src=\"https:\/\/riemel-dachfenster.de\/wp-content\/uploads\/2015\/04\/vertrauen-264x264.png\" alt=\"\">\n\t\t<\/div>\n\t<\/li>\n\t<!-- SLIDE  -->\n\t<li data-transition=\"random\" data-slotamount=\"7\" data-masterspeed=\"300\" >\n\t\t<!-- MAIN IMAGE -->\n\t\t<img src=\"https:\/\/riemel-dachfenster.de\/wp-content\/uploads\/2014\/02\/Flachdachwohnfenster_1280.png\"  alt=\"Flachdachwohnfenster_1280\"  data-bgposition=\"center top\" data-bgfit=\"cover\" data-bgrepeat=\"no-repeat\">\n\t\t<!-- LAYERS -->\n\t<\/li>\n\t<!-- SLIDE  -->\n\t<li data-transition=\"random\" data-slotamount=\"7\" data-masterspeed=\"300\" >\n\t\t<!-- MAIN IMAGE -->\n\t\t<img src=\"https:\/\/riemel-dachfenster.de\/wp-content\/uploads\/2014\/02\/Ueberfirst_Esszim_gr_heller_neu_1280.png\"  alt=\"Ueberfirst_Esszim_gr_heller_neu_1280\"  data-bgposition=\"center top\" data-bgfit=\"cover\" data-bgrepeat=\"no-repeat\">\n\t\t<!-- LAYERS -->\n\n\t\t<!-- LAYER NR. 1 -->\n\t\t<div class=\"tp-caption tp-fade\"\n\t\t\tdata-x=\"80\"\n\t\t\tdata-y=\"45\" \n\t\t\tdata-speed=\"300\"\n\t\t\tdata-start=\"500\"\n\t\t\tdata-easing=\"Power3.easeInOut\"\n\t\t\tdata-endspeed=\"300\"\n\t\t\tstyle=\"z-index: 2\"><img src=\"https:\/\/riemel-dachfenster.de\/wp-content\/uploads\/2015\/04\/15_jahre-garantie-264x264.png\" alt=\"\">\n\t\t<\/div>\n\t<\/li>\n\t<!-- SLIDE  -->\n\t<li data-transition=\"random\" data-slotamount=\"7\" data-masterspeed=\"300\" >\n\t\t<!-- MAIN IMAGE -->\n\t\t<img src=\"https:\/\/riemel-dachfenster.de\/wp-content\/uploads\/2014\/02\/Eindeckrahmen_E_Ziegel_1280.png\"  alt=\"Eindeckrahmen_E_Ziegel_1280\"  data-bgposition=\"center top\" data-bgfit=\"cover\" data-bgrepeat=\"no-repeat\">\n\t\t<!-- LAYERS -->\n\t<\/li>\n\t<!-- SLIDE  -->\n\t<li data-transition=\"random\" data-slotamount=\"7\" data-masterspeed=\"300\" >\n\t\t<!-- MAIN IMAGE -->\n\t\t<img src=\"https:\/\/riemel-dachfenster.de\/wp-content\/uploads\/2014\/02\/116287-01-1280.png\"  alt=\"116287-01-1280\"  data-bgposition=\"center top\" data-bgfit=\"cover\" data-bgrepeat=\"no-repeat\">\n\t\t<!-- LAYERS -->\n\n\t\t<!-- LAYER NR. 1 -->\n\t\t<div class=\"tp-caption tp-fade\"\n\t\t\tdata-x=\"80\"\n\t\t\tdata-y=\"45\" \n\t\t\tdata-speed=\"300\"\n\t\t\tdata-start=\"500\"\n\t\t\tdata-easing=\"Power3.easeInOut\"\n\t\t\tdata-endspeed=\"300\"\n\t\t\tstyle=\"z-index: 2\"><img src=\"https:\/\/riemel-dachfenster.de\/wp-content\/uploads\/2015\/04\/angebot-264x264.png\" alt=\"\">\n\t\t<\/div>\n\t<\/li>\n\t<!-- SLIDE  -->\n\t<li data-transition=\"random\" data-slotamount=\"7\" data-masterspeed=\"300\" >\n\t\t<!-- MAIN IMAGE -->\n\t\t<img src=\"https:\/\/riemel-dachfenster.de\/wp-content\/uploads\/2014\/02\/6er_Kombi_E_Ziegel_Alu_1280.png\"  alt=\"6er_Kombi_E_Ziegel_Alu_1280\"  data-bgposition=\"center top\" data-bgfit=\"cover\" data-bgrepeat=\"no-repeat\">\n\t\t<!-- LAYERS -->\n\t<\/li>\n<\/ul>\n\t<\/div>\n<\/div>\t\t\t\r\n\t\t\t<script type=\"text\/javascript\">\r\n\r\n\t\t\t\tvar tpj=jQuery;\t\t\t\t\r\n\t\t\t\ttpj.noConflict();\t\t\t\t\r\n\t\t\t\tvar revapi1;\r\n\t\t\t\t\r\n\t\t\t\ttpj(document).ready(function() {\r\n\t\t\t\t\t\t\t\t\r\n\t\t\t\tif(tpj('#rev_slider_1_1').revolution == undefined)\r\n\t\t\t\t\trevslider_showDoubleJqueryError('#rev_slider_1_1');\r\n\t\t\t\telse\r\n\t\t\t\t   revapi1 = tpj('#rev_slider_1_1').show().revolution(\r\n\t\t\t\t\t{\r\n\t\t\t\t\t\tdottedOverlay:\"none\",\r\n\t\t\t\t\t\tdelay:5000,\r\n\t\t\t\t\t\tstartwidth:1280,\r\n\t\t\t\t\t\tstartheight:350,\r\n\t\t\t\t\t\thideThumbs:200,\r\n\t\t\t\t\t\t\r\n\t\t\t\t\t\tthumbWidth:100,\r\n\t\t\t\t\t\tthumbHeight:50,\r\n\t\t\t\t\t\tthumbAmount:5,\r\n\t\t\t\t\t\t\r\n\t\t\t\t\t\tnavigationType:\"bullet\",\r\n\t\t\t\t\t\tnavigationArrows:\"solo\",\r\n\t\t\t\t\t\tnavigationStyle:\"round\",\r\n\t\t\t\t\t\t\r\n\t\t\t\t\t\ttouchenabled:\"on\",\r\n\t\t\t\t\t\tonHoverStop:\"on\",\r\n\t\t\t\t\t\t\r\n\t\t\t\t\t\tnavigationHAlign:\"center\",\r\n\t\t\t\t\t\tnavigationVAlign:\"bottom\",\r\n\t\t\t\t\t\tnavigationHOffset:0,\r\n\t\t\t\t\t\tnavigationVOffset:20,\r\n\r\n\t\t\t\t\t\tsoloArrowLeftHalign:\"left\",\r\n\t\t\t\t\t\tsoloArrowLeftValign:\"center\",\r\n\t\t\t\t\t\tsoloArrowLeftHOffset:20,\r\n\t\t\t\t\t\tsoloArrowLeftVOffset:0,\r\n\r\n\t\t\t\t\t\tsoloArrowRightHalign:\"right\",\r\n\t\t\t\t\t\tsoloArrowRightValign:\"center\",\r\n\t\t\t\t\t\tsoloArrowRightHOffset:20,\r\n\t\t\t\t\t\tsoloArrowRightVOffset:0,\r\n\t\t\t\t\t\t\t\t\r\n\t\t\t\t\t\tshadow:3,\r\n\t\t\t\t\t\tfullWidth:\"on\",\r\n\t\t\t\t\t\tfullScreen:\"off\",\r\n\r\n\t\t\t\t\t\tstopLoop:\"on\",\r\n\t\t\t\t\t\tstopAfterLoops:10,\r\n\t\t\t\t\t\tstopAtSlide:1,\r\n\r\n\t\t\t\t\t\t\r\n\t\t\t\t\t\tshuffle:\"off\",\r\n\t\t\t\t\t\t\r\n\t\t\t\t\t\tautoHeight:\"off\",\t\t\t\t\t\t\r\n\t\t\t\t\t\tforceFullWidth:\"off\",\t\t\t\t\t\t\r\n\t\t\t\t\t\t\t\t\t\t\t\t\r\n\t\t\t\t\t\t\t\t\t\t\t\t\r\n\t\t\t\t\t\thideThumbsOnMobile:\"off\",\r\n\t\t\t\t\t\thideBulletsOnMobile:\"off\",\r\n\t\t\t\t\t\thideArrowsOnMobile:\"off\",\r\n\t\t\t\t\t\thideThumbsUnderResolution:0,\r\n\t\t\t\t\t\t\r\n\t\t\t\t\t\thideSliderAtLimit:0,\r\n\t\t\t\t\t\thideCaptionAtLimit:0,\r\n\t\t\t\t\t\thideAllCaptionAtLilmit:0,\r\n\t\t\t\t\t\tstartWithSlide:0,\r\n\t\t\t\t\t\tvideoJsPath:\"https:\/\/riemel-dachfenster.de\/wp-content\/plugins\/revslider\/rs-plugin\/videojs\/\",\r\n\t\t\t\t\t\tfullScreenOffsetContainer: \"\"\t\r\n\t\t\t\t\t});\r\n\t\t\t\t\r\n\t\t\t\t});\t\/\/ready\r\n\t\t\t\t\r\n\t\t\t<\/script>\r\n\t\t\t\r\n\t\t\t<!-- END REVOLUTION SLIDER -->\n<h1 style=\"padding-left: 15px;\">Riemel Dachfenster GmbH<\/h1>\n<section class=\"animated-area \">\n<div class=\"container\">\n<div class=\"row\">\n<div class=\"col-lg-6 col-md-6   \">\n<div class=\"animated\" data-animation=\"fadeInUp\" data-animation-delay=\"0.4s\">\n<h4 class=\"heading-block heading-style1 \"><span>Dachfenster aller Art aus Profihand.<\/span><\/h4>\n<\/div>\n<div class=\"animated\" data-animation=\"fadeIn\" data-animation-delay=\"0.8s\">\n<div id=\"tab-2127687843\" class=\"tabs clearfix tabs left alternative \"><ul class=\"tabNavigation clearfix\"><li class=\"tab\"><a data-toggle=\"tab\" href=\"#panel4241156901\">Service<\/a><\/li>\n<li class=\"tab\"><a data-toggle=\"tab\" href=\"#panel4241156902\">Planung<\/a><\/li>\n<li class=\"tab\"><a data-toggle=\"tab\" href=\"#panel4241156903\">Ausf\u00fchrung<\/a><\/li>\n<li class=\"tab\"><a data-toggle=\"tab\" href=\"#panel4241156904\">Fenster-Ausstellung<\/a><\/li><\/ul><div class=\"tabs-container\" id=\"panel4241156901\"><p>Unsere Service bietet Ihnen einfach alles rund um das Thema Dachfenster. <\/p><\/div>\n<div class=\"tabs-container\" id=\"panel4241156902\"><p>Schon bei der Planung k\u00f6nnen Sie uns mit einbeziehen.<\/p><\/div>\n<div class=\"tabs-container\" id=\"panel4241156903\"><p>Ob Ausbau von alten Fenstern und deren Austausch, alle Dachau\u00dfenarbeiten f\u00fchren wir sauber, schnell und zuverl\u00e4sig aus.<\/p><\/div>\n<div class=\"tabs-container\" id=\"panel4241156904\"><p>Besuchen Sie auch unsere <a title=\"Fenster-Ausstellung\" href=\"http:\/\/riemel-dachfenster.de\/?page_id=1112\">Fenster-Ausstellung<\/a> Am Hagelkreuz 1A in Neuss-Hoisten.<\/p><\/div><\/div><script type=\"text\/javascript\">jQuery(document).ready(function($){jQuery(\"#tab-2127687843 a:first\").tab(\"show\");})<\/script>\n<\/p><\/div>\n<\/div>\n<div class=\"col-lg-6 col-md-6   \">\n<div class=\"animated\" data-animation=\"fadeInUp\" data-animation-delay=\"1.2s\">\n<h4 class=\"heading-block heading-style1 \"><span>Unsere Leistungen<\/span><\/h4>\n<\/div>\n<div class=\"row\">\n<div class=\"col-lg-6 col-md-6   \">\n<div class=\"animated\" data-animation=\"fadeInLeft\" data-animation-delay=\"1.6s\">\n<ul class=\"list-unstyled icon-list normal\">\n<li>Wir bieten: <\/li>\n<li><i class=\"fa fa-check\"><\/i>Service und Planung<\/li>\n<li><i class=\"fa fa-check\"><\/i>Dachfenster<\/li>\n<li><i class=\"fa fa-check\"><\/i>Elektro-Dachfenster<\/li>\n<li><i class=\"fa fa-check\"><\/i>RWA-Anlagen<\/li>\n<li><i class=\"fa fa-check\"><\/i>Flachdachfenster<\/li>\n<li><i class=\"fa fa-check\"><\/i>Tageslicht-Spots<\/li>\n<li><i class=\"fa fa-check\"><\/i>Innenfutter<\/li>\n<li><i class=\"fa fa-check\"><\/i>Terrassenbau<\/li>\n<li><i class=\"fa fa-check\"><\/i>Balkonbau<\/li>\n<li><i class=\"fa fa-check\"><\/i>Zinkabdeckungen<\/li>\n<li><i class=\"fa fa-check\"><\/i>Trockenausbau<\/li>\n<li><i class=\"fa fa-check\"><\/i>Dachinnenausbau<\/li>\n<li><i class=\"fa fa-check\"><\/i>Vord\u00e4cher<\/li>\n<\/ul>\n<\/div>\n<\/div>\n<div class=\"col-lg-6 col-md-6   \">\n<div class=\"animated\" data-animation=\"fadeInRight\" data-animation-delay=\"2.0s\">\n<ul class=\"list-unstyled icon-list normal\">\n<li>Reparaturarbeiten:<\/li>\n<li><i class=\"fa fa-check\"><\/i>Wartung<\/li>\n<li><i class=\"fa fa-check\"><\/i>Austausch von Fensterscheiben<\/li>\n<li><i class=\"fa fa-check\"><\/i>Ersatzteil-Einsatz<\/li>\n<li><\/li>\n<li>Einbau von:<\/li>\n<li><i class=\"fa fa-check\"><\/i>Sonnenschutzprodukten<\/li>\n<li><i class=\"fa fa-check\"><\/i>Solar-Roll\u00e4den<\/li>\n<li><i class=\"fa fa-check\"><\/i>Elektro-Roll\u00e4den<\/li>\n<\/ul>\n<\/div>\n<\/div>\n<\/div>\n<\/div>\n<\/div>\n<\/div>\n<\/section>\n<section class=\"\">\n<div class=\"container\">\n<div class=\"row\">\n<div class=\"callout color  clearfix\">\n<div class=\"inner clearfix\">\n<div class=\"callout-content pull-left\">\n<h4 class=\"heading bottom-5\">DER DACHFENSTER KONFIGURATOR<\/h4>\n<p>Mit dem VELUX Dachfenster Konfigurator finden Sie schnell und unkompliziert Ihr Produkt.<\/p><\/div>\n<div class=\"callout-action top-10 pull-right\"><a target=\"_blank\" href=\"https:\/\/riemel-dachfenster.de\/?page_id=1145\" class=\"button normal white\">ZUM KONFIGURATOR<\/a><\/div>\n<\/div>\n<\/div>\n<\/div>\n<\/div>\n<\/section>\n<section class=\"animated-area  background fixed \" data-bg=\"http:\/\/riemel-dachfenster.de\/wp-content\/uploads\/2013\/11\/company-timeline.png\">\n<div class=\"horizontal-icon\">\n    <div class=\"icon\">\n    <i class=\"fa fa-truck\"><\/i>\n    <\/div>\n    <\/div><div class=\"title-block light\">\n    <h3 class=\"title-heading\">Geschichte<\/h3>\n    <span class=\"line\"><\/span>\n    <span>Entwicklung<\/span>\n    <\/div>\n<div class=\"container\">\n<div class=\"container\">\n<ul class=\"timeline list-unstyled clearfix\">\n<li class=\"year\">2000 bis heute<\/li>\n<li class=\"event animated\" data-animation=\"fadeInRight\" data-animation-delay=\"0.3s\">\n<h5 class=\"heading\">Neuer\u00f6ffnung<\/h5>\n<p>Gro\u00dfe Neuer\u00f6ffnung der Ausstellung in Neuss Hoisten im April 2015. Sie finden uns nun Am Hagelkreuz 1A in 41469 Neuss.<\/p>\n<p>          <span class=\"event-time\">2015<\/span><br \/>\n          <span class=\"arrow\"><\/span><\/li>\n<li class=\"event animated\" data-animation=\"fadeInLeft\" data-animation-delay=\"0.6s\">\n<h5 class=\"heading\">Die GmbH<\/h5>\n<p>Die Riemel Dachfenster GmbH wird gegr\u00fcndet<\/p>\n<p>          <span class=\"event-time\">2013<\/span><br \/>\n          <span class=\"arrow\"><\/span><\/li>\n<li class=\"event animated\" data-animation=\"fadeInRight\" data-animation-delay=\"0.6s\">\n<h5 class=\"heading\">Hoch hinaus<\/h5>\n<p>Der zweite Kran wird in Betrieb genommen<\/p>\n<p>          <span class=\"event-time\">2012<\/span><br \/>\n          <span class=\"arrow\"><\/span><\/li>\n<p><!-- date=\"16, September 2012\" --><\/p>\n<li class=\"event animated\" data-animation=\"fadeInLeft\" data-animation-delay=\"0.9s\">\n<h5 class=\"heading\">Ausstellung<\/h5>\n<p>Die exklusive Dachfenster Ausstellung auf der Zollstra\u00dfe \u00f6ffnet ihre Tore und bietet \u00fcber 20 verschiedene Fenster vor Ort<\/p>\n<p>          <span class=\"event-time\">2005<\/span><br \/>\n          <span class=\"arrow\"><\/span><\/li>\n<li class=\"year\">1968 bis 1999<\/li>\n<li class=\"event animated\" data-animation=\"fadeInLeft\" data-animation-delay=\"1.2s\">\n<h5 class=\"heading\">Umzug<\/h5>\n<p>Neubau der Firma Riemel Bedachungen in Hoisten<\/p>\n<p>          <span class=\"event-time\">1993<\/span><br \/>\n          <span class=\"arrow\"><\/span><\/li>\n<li class=\"event animated\" data-animation=\"fadeInRight\" data-animation-delay=\"1.5s\">\n<h5 class=\"heading\">GmbH<\/h5>\n<p>Riemel Bedachungen wird GmbH<\/p>\n<p>          <span class=\"event-time\">1981<\/span><br \/>\n          <span class=\"arrow\"><\/span><\/li>\n<li class=\"event animated\" data-animation=\"fadeInLeft\" data-animation-delay=\"1.8s\">\n<h5 class=\"heading\">Gr\u00fcndung<\/h5>\n<p>Die Firma Riemel Bedachungen wird gegr\u00fcndet<\/p>\n<p>          <span class=\"event-time\">1968<\/span><br \/>\n          <span class=\"arrow\"><\/span><\/li>\n<\/ul>\n<\/div>\n<\/div>\n<\/section>\n<section class=\"\">\n<div class=\"callout style1 border text-center top-30 clearfix\">\n<div class=\"inner clearfix\">\n<div class=\"callout-content\">\nDie ganze Riemel-Welt finden Sie hier:<\/p>\n<p><a title=\"Riemel Dachfenster GmbH\" href=\"http:\/\/www.riemel-kranverleih.de\" target=\"_blank\" rel=\"noopener noreferrer\">www.riemel-kranverleih.de<\/a><br \/>\n<a title=\"Riemel Bedachungen GmbH\" href=\"http:\/\/www.riemel.de\" target=\"_blank\" rel=\"noopener noreferrer\">www.riemel.de<\/a><\/p>\n<\/div>\n<\/div>\n<\/div>\n<\/section>\n","protected":false},"excerpt":{"rendered":"<p>Riemel Dachfenster GmbH Wir bieten: Service und Planung Dachfenster Elektro-Dachfenster RWA-Anlagen Flachdachfenster Tageslicht-Spots Innenfutter Terrassenbau Balkonbau Zinkabdeckungen Trockenausbau Dachinnenausbau Vord\u00e4cher Reparaturarbeiten: Wartung Austausch von Fensterscheiben Ersatzteil-Einsatz Einbau von: Sonnenschutzprodukten Solar-Roll\u00e4den&#8230;<\/p>\n","protected":false},"author":32584,"featured_media":0,"parent":0,"menu_order":0,"comment_status":"closed","ping_status":"closed","template":"page-fullwidth.php","meta":[],"_links":{"self":[{"href":"https:\/\/riemel-dachfenster.de\/index.php?rest_route=\/wp\/v2\/pages\/888"}],"collection":[{"href":"https:\/\/riemel-dachfenster.de\/index.php?rest_route=\/wp\/v2\/pages"}],"about":[{"href":"https:\/\/riemel-dachfenster.de\/index.php?rest_route=\/wp\/v2\/types\/page"}],"author":[{"embeddable":true,"href":"https:\/\/riemel-dachfenster.de\/index.php?rest_route=\/wp\/v2\/users\/32584"}],"replies":[{"embeddable":true,"href":"https:\/\/riemel-dachfenster.de\/index.php?rest_route=%2Fwp%2Fv2%2Fcomments&post=888"}],"version-history":[{"count":26,"href":"https:\/\/riemel-dachfenster.de\/index.php?rest_route=\/wp\/v2\/pages\/888\/revisions"}],"predecessor-version":[{"id":1393,"href":"https:\/\/riemel-dachfenster.de\/index.php?rest_route=\/wp\/v2\/pages\/888\/revisions\/1393"}],"wp:attachment":[{"href":"https:\/\/riemel-dachfenster.de\/index.php?rest_route=%2Fwp%2Fv2%2Fmedia&parent=888"}],"curies":[{"name":"wp","href":"https:\/\/api.w.org\/{rel}","templated":true}]}}