{"id":1145,"date":"2014-03-08T17:57:11","date_gmt":"2014-03-08T15:57:11","guid":{"rendered":"http:\/\/riemel-dachfenster.de\/?page_id=1145"},"modified":"2020-11-26T14:06:55","modified_gmt":"2020-11-26T12:06:55","slug":"leistungen","status":"publish","type":"page","link":"https:\/\/riemel-dachfenster.de\/?page_id=1145","title":{"rendered":"Leistungen"},"content":{"rendered":"\n<figure><div class=\"embed-privacy-container is-disabled embed-dachfensterkonfigurator-velux-de\" id=\"oembed_1a203183f9990612ed1b3d214495c868\" data-embed-provider=\"dachfensterkonfigurator-velux-de\">\n\t\t\t\t\t\t<button class=\"embed-privacy-enable screen-reader-text\">Inhalt von dachfensterkonfigurator.velux.de anzeigen<\/button>\n\t\t\t\n\t\t\t<div class=\"embed-privacy-overlay\">\n\t\t\t\t<div class=\"embed-privacy-inner\">\n\t\t\t\t\t\t\t<p>\n\t\tHier klicken, um den Inhalt von dachfensterkonfigurator.velux.de anzuzeigen\t\t<\/p>\n\t\t\t\t\t<p class=\"embed-privacy-input-wrapper\">\n\t\t\t\t<input id=\"embed-privacy-store-dachfensterkonfigurator-velux-de-1a203183f9990612ed1b3d214495c868\" type=\"checkbox\" value=\"1\" class=\"embed-privacy-input\" data-embed-provider=\"dachfensterkonfigurator-velux-de\">\n\t\t\t\t<label for=\"embed-privacy-store-dachfensterkonfigurator-velux-de-1a203183f9990612ed1b3d214495c868\" class=\"embed-privacy-label\" data-embed-provider=\"dachfensterkonfigurator-velux-de\">\n\t\t\t\t\tInhalt von dachfensterkonfigurator.velux.de immer anzeigen\t\t\t\t<\/label>\n\t\t\t<\/p>\n\t\t\t\n\t\t\t\t<\/div>\n\t\t\t\t\n\t\t\t\t<div class=\"embed-privacy-footer\"><span class=\"embed-privacy-url\"><a href=\"https:\/\/dachfensterkonfigurator.velux.de\/konfigurator?embed=true&amp;id=10079011\">Inhalt direkt \u00f6ffnen<\/a><\/span><\/div>\n\t\t\t<\/div>\n\t\t\t\n\t\t\t<div class=\"embed-privacy-content\">\n\t\t\t\t<script>var _oembed_1a203183f9990612ed1b3d214495c868 = '{\\\"embed\\\":\\\"&lt;iframe loading=&quot;lazy&quot; src=&quot;https:\\\\\/\\\\\/dachfensterkonfigurator.velux.de\\\\\/konfigurator?embed=true&amp;amp;id=10079011&quot; height=&quot;700&quot; width=&quot;100%&quot;&gt;&lt;\\\\\/iframe&gt;\\\"}';<\/script>\n\t\t\t<\/div>\n\t\t\t\n\t\t\t<style>\n\t\t\t\t\t\t\t<\/style>\n\t\t<\/div><\/figure>\n\n\n\n<p><strong>Beschreibung und Umfang der Datenverarbeitung bei Nutzung des VELUX Konfigurators<\/strong><\/p>\n\n\n\n<p>Mit dem VELUX Dachfenster-Konfigurator, der per IFrame auf dieser Webseite eingebunden ist, k\u00f6nnen Sie in mehreren Schritten eine pers\u00f6nliche Dachfensterl\u00f6sung konfigurieren, eine unverbindliche Indikation f\u00fcr einen Gesamtpreis aus Produkten und ggf. den Einbaukosten ermitteln und auf Wunsch f\u00fcr die abgeschlossene Konfiguration ein unverbindliches Angebot vom Betreiber dieser Webseite anfordern.<\/p>\n\n\n\n<p>Dazu wird, Ihre Zustimmung vorausgesetzt, aus dem VELUX-System eine E-Mail an den ausgew\u00e4hlten Handwerksbetrieb (den Betreiber dieser Webseite) sowie an Sie selbst gesendet.<\/p>\n\n\n\n<p>\u00a0Diese enth\u00e4lt die ausgew\u00e4hlte Produkt-Konfiguration sowie folgende personenbezogene Daten:<\/p>\n\n\n\n<ul>\n<li>Vor- und Nachname<\/li>\n<li>Anschrift<\/li>\n<li>E-Mail-Adresse<\/li>\n<li>Telefonnummer<\/li>\n<li>Projektinformationen<\/li>\n<\/ul>\n\n\n\n<p>Im Zeitpunkt der Absendung der Nachricht werden zus\u00e4tzlich folgende Daten erhoben:<\/p>\n\n\n\n<ul><li>Datum und Uhrzeit Ihre Daten werden im System der VELUX Deutschland GmbH gespeichert.<\/li><\/ul>\n\n\n\n<p>Im Rahmen der Nutzung des Konfigurators werden Ihre Daten gem\u00e4\u00df den Nutzungsbedingungen [https:\/\/www.velux.de\/ueber-velux\/nutzungsbestimmungen-partnerprogramm] und der geltenden Datenschutzerkl\u00e4rung von VELUX [https:\/\/www.velux.de\/ueber-velux\/datenschutz] behandelt.<\/p>\n\n\n\n<p>F\u00fcr die Verarbeitung der Daten wird im Rahmen des Absendevorgangs Ihre Einwilligung dazu eingeholt. Im weiteren Verlauf erh\u00e4lt VELUX vom Betreiber dieser Webseite eine R\u00fcckmeldung zum Bearbeitungsstand Ihrer Anfrage. Dies ist notwendig, damit VELUX Sie ggf. zeitnah bei den ausgelobten Dienstleistung unterst\u00fctzen kann. Ebenso ist f\u00fcr die Erbringung dieses Services Ihr Einverst\u00e4ndnis notwendig, dass VELUX und der Handwerksbetrieb Sie dazu telefonisch oder per Mail kontaktieren darf.<\/p>\n\n\n\n<p>Die Rechtsgrundlage f\u00fcr die Verarbeitung der oben genannten Daten ist Art. 6 Abs. 1 lit. b DSGVO. (Erf\u00fcllung eines Vertrages; Durchf\u00fchrung vorvertraglicher Ma\u00dfnahmen\/Beantwortung von Anfragen). Soweit vom Betreiber dieser Webseite ein Angebot angefordert wurde oder ein Auftrag erteilt wurde, gilt die <a href=\"https:\/\/riemel-dachfenster.de\/?page_id=1221\">Datenschutzerkl\u00e4rung<\/a> dieser Webseite<\/p>\n\n\n\n<div style=\"height:72px\" aria-hidden=\"true\" class=\"wp-block-spacer\"><\/div>\n\n\n<h1 style=\"padding-left: 15px;\">Unsere Leistungen im \u00dcberblick<\/h1>\n<p><section class=\"animated-area \"><\/section><\/p>\n<p><\/p>\n<div class=\"container\">\n<p><\/p>\n<div class=\"row\">\n<p><\/p>\n<div class=\"col-lg-4 col-md-4   \">\n<p style=\"text-align: center;\"><a href=\"http:\/\/riemel-dachfenster.de\/wp-content\/uploads\/2013\/11\/Foto-4.jpg\"><img loading=\"lazy\" class=\"alignnone size-medium wp-image-966\" src=\"http:\/\/riemel-dachfenster.de\/wp-content\/uploads\/2013\/11\/Foto-4-300x225.jpg\" alt=\"Das Team\" width=\"300\" height=\"225\" srcset=\"https:\/\/riemel-dachfenster.de\/wp-content\/uploads\/2013\/11\/Foto-4-300x225.jpg 300w, https:\/\/riemel-dachfenster.de\/wp-content\/uploads\/2013\/11\/Foto-4.jpg 640w\" sizes=\"(max-width: 300px) 100vw, 300px\"><\/a><span style=\"line-height: 1.5em;\">\u00a0<\/span><\/p>\n<p><strong>Wir arbeiten sauber, zuverl\u00e4ssig und kompetent.<\/strong><br><strong> Jederzeit erstellen wir Ihnen gerne ein kostenloses Angebot.<\/strong><\/p>\n<p>Hier k\u00f6nnen Sie sich bereits vorab \u00fcber unsere Leistungen informieren.\u00a0Und sollten Sie einen Auftrag haben, der aktuell noch nicht in unserem Leistungsumfang vertreten ist, lassen Sie uns auch dar\u00fcber sprechen.<\/p>\n<p><\/p>\n<\/div>\n<p><\/p>\n<div class=\"col-lg-8 col-md-8   \">\n<p><\/p>\n<div class=\"animated\" data-animation=\"fadeInUp\" data-animation-delay=\"1.2s\">\n<br><h4 class=\"heading-block heading-style1 \"><span>Unsere Leistungen<\/span><\/h4>\n<br>\n<\/div>\n<p><\/p>\n<div class=\"row\">\n<p><\/p>\n<div class=\"col-lg-6 col-md-6   \">\n<p><\/p>\n<div class=\"animated\" data-animation=\"fadeInLeft\" data-animation-delay=\"1.6s\">\n<br><ul class=\"list-unstyled icon-list normal\">\n<br><li>\n<i class=\"fa fa-check\"><\/i>Wir bieten: <\/li>\n<br><li>\n<i class=\"fa fa-gear\"><\/i>Service und Planung<\/li>\n<br><li>\n<i class=\"fa fa-gear\"><\/i>Dachfenster<\/li>\n<br><li>\n<i class=\"fa fa-gear\"><\/i>Elektro-Dachfenster<\/li>\n<br><li>\n<i class=\"fa fa-gear\"><\/i>RWA-Anlagen<\/li>\n<br><li>\n<i class=\"fa fa-gear\"><\/i>Flachdachfenster<\/li>\n<br><li>\n<i class=\"fa fa-gear\"><\/i>Tageslicht-Spots<\/li>\n<br><li>\n<i class=\"fa fa-gear\"><\/i>Innenfutter<\/li>\n<br><li>\n<i class=\"fa fa-gear\"><\/i>Terrassenbau<\/li>\n<br><li>\n<i class=\"fa fa-gear\"><\/i>Balkonbau<\/li>\n<br><li>\n<i class=\"fa fa-gear\"><\/i>Zinkabdeckungen<\/li>\n<br><li>\n<i class=\"fa fa-gear\"><\/i>Trockenausbau<\/li>\n<br><li>\n<i class=\"fa fa-gear\"><\/i>Dachinnenausbau<\/li>\n<br><li>\n<i class=\"fa fa-gear\"><\/i>Vord\u00e4cher<\/li>\n<p><\/p>\n<\/ul>\n<br>\n<\/div>\n<p><\/p>\n<\/div>\n<p><\/p>\n<div class=\"col-lg-6 col-md-6   \">\n<p><\/p>\n<div class=\"animated\" data-animation=\"fadeInRight\" data-animation-delay=\"2.0s\">\n<br><ul class=\"list-unstyled icon-list normal\">\n<br><li>\n<i class=\"fa fa-check\"><\/i>Reparaturarbeiten:<\/li>\n<br><li>\n<i class=\"fa fa-gear\"><\/i>Wartung<\/li>\n<br><li>\n<i class=\"fa fa-gear\"><\/i>Austausch von Fensterscheiben<\/li>\n<br><li>\n<i class=\"fa fa-gear\"><\/i>Ersatzteil-Einsatz<\/li>\n<br><li>\n<br><li>\n<i class=\"fa fa-check\"><\/i>Einbau von:<\/li>\n<br><li>\n<i class=\"fa fa-gear\"><\/i>Sonnenschutzprodukten<\/li>\n<br><li>\n<i class=\"fa fa-gear\"><\/i>Solar-Roll\u00e4den<\/li>\n<br><li>\n<i class=\"fa fa-gear\"><\/i>Elektro-Roll\u00e4den<\/li>\n<p><\/p>\n<\/ul>\n<br>\n<\/div>\n<p><\/p>\n<\/div>\n<p><\/p>\n<\/div>\n<p><\/p>\n<\/div>\n<p><\/p>\n<\/div>\n<p><\/p>\n<\/div>\n<p><\/p>\n<p><\/p>\n\n\n<hr class=\"wp-block-separator\">\n","protected":false},"excerpt":{"rendered":"<p>Inhalt von dachfensterkonfigurator.velux.de anzeigen Hier klicken, um den Inhalt von dachfensterkonfigurator.velux.de anzuzeigen Inhalt von dachfensterkonfigurator.velux.de immer anzeigen Inhalt direkt \u00f6ffnen Beschreibung und Umfang der Datenverarbeitung bei Nutzung des VELUX Konfigurators&#8230;<\/p>\n","protected":false},"author":32584,"featured_media":0,"parent":0,"menu_order":0,"comment_status":"open","ping_status":"open","template":"","meta":[],"_links":{"self":[{"href":"https:\/\/riemel-dachfenster.de\/index.php?rest_route=\/wp\/v2\/pages\/1145"}],"collection":[{"href":"https:\/\/riemel-dachfenster.de\/index.php?rest_route=\/wp\/v2\/pages"}],"about":[{"href":"https:\/\/riemel-dachfenster.de\/index.php?rest_route=\/wp\/v2\/types\/page"}],"author":[{"embeddable":true,"href":"https:\/\/riemel-dachfenster.de\/index.php?rest_route=\/wp\/v2\/users\/32584"}],"replies":[{"embeddable":true,"href":"https:\/\/riemel-dachfenster.de\/index.php?rest_route=%2Fwp%2Fv2%2Fcomments&post=1145"}],"version-history":[{"count":12,"href":"https:\/\/riemel-dachfenster.de\/index.php?rest_route=\/wp\/v2\/pages\/1145\/revisions"}],"predecessor-version":[{"id":1352,"href":"https:\/\/riemel-dachfenster.de\/index.php?rest_route=\/wp\/v2\/pages\/1145\/revisions\/1352"}],"wp:attachment":[{"href":"https:\/\/riemel-dachfenster.de\/index.php?rest_route=%2Fwp%2Fv2%2Fmedia&parent=1145"}],"curies":[{"name":"wp","href":"https:\/\/api.w.org\/{rel}","templated":true}]}}